{"id":1449,"date":"2023-05-28T21:05:21","date_gmt":"2023-05-29T03:05:21","guid":{"rendered":"https:\/\/cefocad.codegto.gob.mx\/?page_id=1449"},"modified":"2023-05-28T21:16:12","modified_gmt":"2023-05-29T03:16:12","slug":"solucion-de-conflictos-mediante-tecnicas-de-neuro-negociacion","status":"publish","type":"page","link":"https:\/\/cefocad.codegto.gob.mx\/?page_id=1449","title":{"rendered":"Soluci\u00f3n de conflictos mediante t\u00e9cnicas de neuro negociaci\u00f3n"},"content":{"rendered":"\t\t<div data-elementor-type=\"wp-page\" data-elementor-id=\"1449\" class=\"elementor elementor-1449\">\n\t\t\t\t\t\t<section class=\"elementor-section elementor-top-section elementor-element elementor-element-c5d11c2 elementor-section-boxed elementor-section-height-default elementor-section-height-default\" data-id=\"c5d11c2\" data-element_type=\"section\">\n\t\t\t\t\t\t<div class=\"elementor-container elementor-column-gap-default\">\n\t\t\t\t\t<div class=\"elementor-column elementor-col-33 elementor-top-column elementor-element elementor-element-0b5dc9f\" data-id=\"0b5dc9f\" data-element_type=\"column\">\n\t\t\t<div class=\"elementor-widget-wrap elementor-element-populated\">\n\t\t\t\t\t\t<div class=\"elementor-element elementor-element-5b67df0 elementor-widget elementor-widget-image\" data-id=\"5b67df0\" data-element_type=\"widget\" data-widget_type=\"image.default\">\n\t\t\t\t<div class=\"elementor-widget-container\">\n\t\t\t<style>\/*! elementor - v3.19.0 - 05-02-2024 *\/\n.elementor-widget-image{text-align:center}.elementor-widget-image a{display:inline-block}.elementor-widget-image a img[src$=\".svg\"]{width:48px}.elementor-widget-image img{vertical-align:middle;display:inline-block}<\/style>\t\t\t\t\t\t\t\t\t\t<img decoding=\"async\" src=\"https:\/\/cefocad.codegto.gob.mx\/wp-content\/uploads\/2023\/04\/WhatsApp-Image-2023-04-14-at-11.33.38-2.jpeg\" title=\"\" alt=\"\" loading=\"lazy\" \/>\t\t\t\t\t\t\t\t\t\t\t\t\t<\/div>\n\t\t\t\t<\/div>\n\t\t\t\t\t<\/div>\n\t\t<\/div>\n\t\t\t\t<div class=\"elementor-column elementor-col-66 elementor-top-column elementor-element elementor-element-b81249a\" data-id=\"b81249a\" data-element_type=\"column\">\n\t\t\t<div class=\"elementor-widget-wrap elementor-element-populated\">\n\t\t\t\t\t\t<div class=\"elementor-element elementor-element-5a2d3a5 elementor-widget elementor-widget-heading\" data-id=\"5a2d3a5\" data-element_type=\"widget\" data-widget_type=\"heading.default\">\n\t\t\t\t<div class=\"elementor-widget-container\">\n\t\t\t<style>\/*! elementor - v3.19.0 - 05-02-2024 *\/\n.elementor-heading-title{padding:0;margin:0;line-height:1}.elementor-widget-heading .elementor-heading-title[class*=elementor-size-]>a{color:inherit;font-size:inherit;line-height:inherit}.elementor-widget-heading .elementor-heading-title.elementor-size-small{font-size:15px}.elementor-widget-heading .elementor-heading-title.elementor-size-medium{font-size:19px}.elementor-widget-heading .elementor-heading-title.elementor-size-large{font-size:29px}.elementor-widget-heading .elementor-heading-title.elementor-size-xl{font-size:39px}.elementor-widget-heading .elementor-heading-title.elementor-size-xxl{font-size:59px}<\/style><h2 class=\"elementor-heading-title elementor-size-default\">Soluci\u00f3n de conflictos mediante t\u00e9cnicas de neura negociaci\u00f3n<\/h2>\t\t<\/div>\n\t\t\t\t<\/div>\n\t\t\t\t<div class=\"elementor-element elementor-element-0627342 elementor-widget elementor-widget-toggle\" data-id=\"0627342\" data-element_type=\"widget\" data-widget_type=\"toggle.default\">\n\t\t\t\t<div class=\"elementor-widget-container\">\n\t\t\t<style>\/*! elementor - v3.19.0 - 05-02-2024 *\/\n.elementor-toggle{text-align:left}.elementor-toggle .elementor-tab-title{font-weight:700;line-height:1;margin:0;padding:15px;border-bottom:1px solid #d5d8dc;cursor:pointer;outline:none}.elementor-toggle .elementor-tab-title .elementor-toggle-icon{display:inline-block;width:1em}.elementor-toggle .elementor-tab-title .elementor-toggle-icon svg{margin-inline-start:-5px;width:1em;height:1em}.elementor-toggle .elementor-tab-title .elementor-toggle-icon.elementor-toggle-icon-right{float:right;text-align:right}.elementor-toggle .elementor-tab-title .elementor-toggle-icon.elementor-toggle-icon-left{float:left;text-align:left}.elementor-toggle .elementor-tab-title .elementor-toggle-icon .elementor-toggle-icon-closed{display:block}.elementor-toggle .elementor-tab-title .elementor-toggle-icon .elementor-toggle-icon-opened{display:none}.elementor-toggle .elementor-tab-title.elementor-active{border-bottom:none}.elementor-toggle .elementor-tab-title.elementor-active .elementor-toggle-icon-closed{display:none}.elementor-toggle .elementor-tab-title.elementor-active .elementor-toggle-icon-opened{display:block}.elementor-toggle .elementor-tab-content{padding:15px;border-bottom:1px solid #d5d8dc;display:none}@media (max-width:767px){.elementor-toggle .elementor-tab-title{padding:12px}.elementor-toggle .elementor-tab-content{padding:12px 10px}}.e-con-inner>.elementor-widget-toggle,.e-con>.elementor-widget-toggle{width:var(--container-widget-width);--flex-grow:var(--container-widget-flex-grow)}<\/style>\t\t<div class=\"elementor-toggle\">\n\t\t\t\t\t\t\t<div class=\"elementor-toggle-item\">\n\t\t\t\t\t<div id=\"elementor-tab-title-6451\" class=\"elementor-tab-title\" data-tab=\"1\" role=\"button\" aria-controls=\"elementor-tab-content-6451\" aria-expanded=\"false\">\n\t\t\t\t\t\t\t\t\t\t\t\t<span class=\"elementor-toggle-icon elementor-toggle-icon-left\" aria-hidden=\"true\">\n\t\t\t\t\t\t\t\t\t\t\t\t\t\t\t<span class=\"elementor-toggle-icon-closed\"><svg class=\"e-font-icon-svg e-fas-caret-right\" viewBox=\"0 0 192 512\" xmlns=\"http:\/\/www.w3.org\/2000\/svg\"><path d=\"M0 384.662V127.338c0-17.818 21.543-26.741 34.142-14.142l128.662 128.662c7.81 7.81 7.81 20.474 0 28.284L34.142 398.804C21.543 411.404 0 402.48 0 384.662z\"><\/path><\/svg><\/span>\n\t\t\t\t\t\t\t\t<span class=\"elementor-toggle-icon-opened\"><svg class=\"elementor-toggle-icon-opened e-font-icon-svg e-fas-caret-up\" viewBox=\"0 0 320 512\" xmlns=\"http:\/\/www.w3.org\/2000\/svg\"><path d=\"M288.662 352H31.338c-17.818 0-26.741-21.543-14.142-34.142l128.662-128.662c7.81-7.81 20.474-7.81 28.284 0l128.662 128.662c12.6 12.599 3.676 34.142-14.142 34.142z\"><\/path><\/svg><\/span>\n\t\t\t\t\t\t\t\t\t\t\t\t\t<\/span>\n\t\t\t\t\t\t\t\t\t\t\t\t<a class=\"elementor-toggle-title\" tabindex=\"0\">Dirigido a<\/a>\n\t\t\t\t\t<\/div>\n\n\t\t\t\t\t<div id=\"elementor-tab-content-6451\" class=\"elementor-tab-content elementor-clearfix\" data-tab=\"1\" role=\"region\" aria-labelledby=\"elementor-tab-title-6451\"><p>Personas interesadas en adquirir las competencias necesarias para solucionar conflictos y cuyas competencias incluyen preparar sesiones, aplicar t\u00e9cnicas de neuronegociaci\u00f3n y generar acuerdos en sesiones.<\/p><\/div>\n\t\t\t\t<\/div>\n\t\t\t\t\t\t\t<div class=\"elementor-toggle-item\">\n\t\t\t\t\t<div id=\"elementor-tab-title-6452\" class=\"elementor-tab-title\" data-tab=\"2\" role=\"button\" aria-controls=\"elementor-tab-content-6452\" aria-expanded=\"false\">\n\t\t\t\t\t\t\t\t\t\t\t\t<span class=\"elementor-toggle-icon elementor-toggle-icon-left\" aria-hidden=\"true\">\n\t\t\t\t\t\t\t\t\t\t\t\t\t\t\t<span class=\"elementor-toggle-icon-closed\"><svg class=\"e-font-icon-svg e-fas-caret-right\" viewBox=\"0 0 192 512\" xmlns=\"http:\/\/www.w3.org\/2000\/svg\"><path d=\"M0 384.662V127.338c0-17.818 21.543-26.741 34.142-14.142l128.662 128.662c7.81 7.81 7.81 20.474 0 28.284L34.142 398.804C21.543 411.404 0 402.48 0 384.662z\"><\/path><\/svg><\/span>\n\t\t\t\t\t\t\t\t<span class=\"elementor-toggle-icon-opened\"><svg class=\"elementor-toggle-icon-opened e-font-icon-svg e-fas-caret-up\" viewBox=\"0 0 320 512\" xmlns=\"http:\/\/www.w3.org\/2000\/svg\"><path d=\"M288.662 352H31.338c-17.818 0-26.741-21.543-14.142-34.142l128.662-128.662c7.81-7.81 20.474-7.81 28.284 0l128.662 128.662c12.6 12.599 3.676 34.142-14.142 34.142z\"><\/path><\/svg><\/span>\n\t\t\t\t\t\t\t\t\t\t\t\t\t<\/span>\n\t\t\t\t\t\t\t\t\t\t\t\t<a class=\"elementor-toggle-title\" tabindex=\"0\">Contenido:<\/a>\n\t\t\t\t\t<\/div>\n\n\t\t\t\t\t<div id=\"elementor-tab-content-6452\" class=\"elementor-tab-content elementor-clearfix\" data-tab=\"2\" role=\"region\" aria-labelledby=\"elementor-tab-title-6452\"><ol><li>Tipos de conflictos<\/li><li>Metodolog\u00edas mentales y de negociaci\u00f3n<\/li><li>C\u00f3mo preparar sesiones para la soluci\u00f3n de conflictos<\/li><li>T\u00e9cnicas de neuronegociaci\u00f3n y su aplicaci\u00f3n<\/li><li>Presentaci\u00f3n de acuerdos<\/li><\/ol><\/div>\n\t\t\t\t<\/div>\n\t\t\t\t\t\t\t\t<\/div>\n\t\t\t\t<\/div>\n\t\t\t\t<\/div>\n\t\t\t\t\t<\/div>\n\t\t<\/div>\n\t\t\t\t\t<\/div>\n\t\t<\/section>\n\t\t\t\t<section class=\"elementor-section elementor-top-section elementor-element elementor-element-4eae163 elementor-section-boxed elementor-section-height-default elementor-section-height-default\" data-id=\"4eae163\" data-element_type=\"section\">\n\t\t\t\t\t\t<div class=\"elementor-container elementor-column-gap-default\">\n\t\t\t\t\t<div class=\"elementor-column elementor-col-100 elementor-top-column elementor-element elementor-element-c2f190c\" data-id=\"c2f190c\" data-element_type=\"column\">\n\t\t\t<div class=\"elementor-widget-wrap elementor-element-populated\">\n\t\t\t\t\t\t<div class=\"elementor-element elementor-element-2e973f7 elementor-widget elementor-widget-text-editor\" data-id=\"2e973f7\" data-element_type=\"widget\" data-widget_type=\"text-editor.default\">\n\t\t\t\t<div class=\"elementor-widget-container\">\n\t\t\t<style>\/*! elementor - v3.19.0 - 05-02-2024 *\/\n.elementor-widget-text-editor.elementor-drop-cap-view-stacked .elementor-drop-cap{background-color:#69727d;color:#fff}.elementor-widget-text-editor.elementor-drop-cap-view-framed .elementor-drop-cap{color:#69727d;border:3px solid;background-color:transparent}.elementor-widget-text-editor:not(.elementor-drop-cap-view-default) .elementor-drop-cap{margin-top:8px}.elementor-widget-text-editor:not(.elementor-drop-cap-view-default) .elementor-drop-cap-letter{width:1em;height:1em}.elementor-widget-text-editor .elementor-drop-cap{float:left;text-align:center;line-height:1;font-size:50px}.elementor-widget-text-editor .elementor-drop-cap-letter{display:inline-block}<\/style>\t\t\t\t<ul><li>Impartido por:\u00a0Dra. Mar\u00eda de la Luz G\u00f3mez Rojas<\/li><li>Municipio \/ localidad:\u00a0H\u00edbrido<\/li><li>Costo: $500.00 mxn<\/li><li>Liga de inscripci\u00f3n:\u00a0https:\/\/forms.gle\/SWmKFRSAkAxBWUEe8<\/li><li>Fecha:\u00a022 de abril de 2023.<\/li><li>Horario:\u00a0De 9:00 a 14:00 Hrs.<\/li><li>Carga Horaria:\u00a05 Presenciales y\u00a05 Virtuales<\/li><li>Lugar presencial:\u00a0Macrocentro Le\u00f3n 1 Blvd. Alonso de Torres\u00a0Pte. Le\u00f3n I 37235<\/li><li>Inscripci\u00f3n:\u00a0Quedar\u00e1 abierta a partir de la publicaci\u00f3n de la presente convocatoria, Cerrandose el d\u00eda 21 de Abril\u00a0del 2023.<\/li><li>Cuenta:\u00a0Comisi\u00f3n de Deporte del Estado de Guanajuato, Banco BBVA Bancomer, Cuenta 0107412533, Clave interbancaria 0122 2500 1074 1253 30.<\/li><li>Informes Al:\u00a0CEFOCAD Le\u00f3n, Multidisciplinario Le\u00f3n 1<\/li><li>Tel: 477.772.23.99 ext. 1003<\/li><li>WhatsApp: 477 874 8175<\/li><li>Correo institucional: cefocad.code@guanajuato.gob.mx<br \/><br \/>*Deber\u00e1 estar cubierto el pago del mismo antes del curso. Al finalizar se entregar\u00e1n constancias de participaci\u00f3n<\/li><\/ul>\t\t\t\t\t\t<\/div>\n\t\t\t\t<\/div>\n\t\t\t\t\t<\/div>\n\t\t<\/div>\n\t\t\t\t\t<\/div>\n\t\t<\/section>\n\t\t\t\t<\/div>\n\t\t","protected":false},"excerpt":{"rendered":"<p>Soluci\u00f3n de conflictos mediante t\u00e9cnicas de neura negociaci\u00f3n Dirigido a Personas interesadas en adquirir las competencias necesarias para solucionar conflictos y cuyas competencias incluyen preparar sesiones, aplicar t\u00e9cnicas de neuronegociaci\u00f3n y generar acuerdos en sesiones. Contenido: Tipos de conflictos Metodolog\u00edas mentales y de negociaci\u00f3n C\u00f3mo preparar sesiones para la soluci\u00f3n de conflictos T\u00e9cnicas de neuronegociaci\u00f3n [&hellip;]<\/p>\n","protected":false},"author":1,"featured_media":0,"parent":0,"menu_order":0,"comment_status":"closed","ping_status":"closed","template":"","meta":{"site-sidebar-layout":"no-sidebar","site-content-layout":"page-builder","ast-site-content-layout":"","site-content-style":"default","site-sidebar-style":"default","ast-global-header-display":"","ast-banner-title-visibility":"","ast-main-header-display":"","ast-hfb-above-header-display":"","ast-hfb-below-header-display":"","ast-hfb-mobile-header-display":"","site-post-title":"disabled","ast-breadcrumbs-content":"","ast-featured-img":"disabled","footer-sml-layout":"","theme-transparent-header-meta":"","adv-header-id-meta":"","stick-header-meta":"","header-above-stick-meta":"","header-main-stick-meta":"","header-below-stick-meta":"","astra-migrate-meta-layouts":"default","ast-page-background-enabled":"default","ast-page-background-meta":{"desktop":{"background-color":"var(--ast-global-color-4)","background-image":"","background-repeat":"repeat","background-position":"center center","background-size":"auto","background-attachment":"scroll","background-type":"","background-media":"","overlay-type":"","overlay-color":"","overlay-opacity":"","overlay-gradient":""},"tablet":{"background-color":"","background-image":"","background-repeat":"repeat","background-position":"center center","background-size":"auto","background-attachment":"scroll","background-type":"","background-media":"","overlay-type":"","overlay-color":"","overlay-opacity":"","overlay-gradient":""},"mobile":{"background-color":"","background-image":"","background-repeat":"repeat","background-position":"center center","background-size":"auto","background-attachment":"scroll","background-type":"","background-media":"","overlay-type":"","overlay-color":"","overlay-opacity":"","overlay-gradient":""}},"ast-content-background-meta":{"desktop":{"background-color":"var(--ast-global-color-5)","background-image":"","background-repeat":"repeat","background-position":"center center","background-size":"auto","background-attachment":"scroll","background-type":"","background-media":"","overlay-type":"","overlay-color":"","overlay-opacity":"","overlay-gradient":""},"tablet":{"background-color":"var(--ast-global-color-5)","background-image":"","background-repeat":"repeat","background-position":"center center","background-size":"auto","background-attachment":"scroll","background-type":"","background-media":"","overlay-type":"","overlay-color":"","overlay-opacity":"","overlay-gradient":""},"mobile":{"background-color":"var(--ast-global-color-5)","background-image":"","background-repeat":"repeat","background-position":"center center","background-size":"auto","background-attachment":"scroll","background-type":"","background-media":"","overlay-type":"","overlay-color":"","overlay-opacity":"","overlay-gradient":""}},"footnotes":""},"yoast_head":"<!-- This site is optimized with the Yoast SEO plugin v22.8 - https:\/\/yoast.com\/wordpress\/plugins\/seo\/ -->\n<title>Soluci\u00f3n de conflictos mediante t\u00e9cnicas de neuro negociaci\u00f3n - CEFOCAD<\/title>\n<meta name=\"robots\" content=\"index, follow, max-snippet:-1, max-image-preview:large, max-video-preview:-1\" \/>\n<link rel=\"canonical\" href=\"https:\/\/cefocad.codegto.gob.mx\/?page_id=1449\" \/>\n<meta property=\"og:locale\" content=\"es_MX\" \/>\n<meta property=\"og:type\" content=\"article\" \/>\n<meta property=\"og:title\" content=\"Soluci\u00f3n de conflictos mediante t\u00e9cnicas de neuro negociaci\u00f3n - CEFOCAD\" \/>\n<meta property=\"og:description\" content=\"Soluci\u00f3n de conflictos mediante t\u00e9cnicas de neura negociaci\u00f3n Dirigido a Personas interesadas en adquirir las competencias necesarias para solucionar conflictos y cuyas competencias incluyen preparar sesiones, aplicar t\u00e9cnicas de neuronegociaci\u00f3n y generar acuerdos en sesiones. Contenido: Tipos de conflictos Metodolog\u00edas mentales y de negociaci\u00f3n C\u00f3mo preparar sesiones para la soluci\u00f3n de conflictos T\u00e9cnicas de neuronegociaci\u00f3n [&hellip;]\" \/>\n<meta property=\"og:url\" content=\"https:\/\/cefocad.codegto.gob.mx\/?page_id=1449\" \/>\n<meta property=\"og:site_name\" content=\"CEFOCAD\" \/>\n<meta property=\"article:modified_time\" content=\"2023-05-29T03:16:12+00:00\" \/>\n<meta property=\"og:image\" content=\"https:\/\/cefocad.codegto.gob.mx\/wp-content\/uploads\/2023\/04\/WhatsApp-Image-2023-04-14-at-11.33.38-2-1024x1024.jpeg\" \/>\n<meta name=\"twitter:card\" content=\"summary_large_image\" \/>\n<meta name=\"twitter:label1\" content=\"Tiempo de lectura\" \/>\n\t<meta name=\"twitter:data1\" content=\"1 minuto\" \/>\n<script type=\"application\/ld+json\" class=\"yoast-schema-graph\">{\"@context\":\"https:\/\/schema.org\",\"@graph\":[{\"@type\":\"WebPage\",\"@id\":\"https:\/\/cefocad.codegto.gob.mx\/?page_id=1449\",\"url\":\"https:\/\/cefocad.codegto.gob.mx\/?page_id=1449\",\"name\":\"Soluci\u00f3n de conflictos mediante t\u00e9cnicas de neuro negociaci\u00f3n - CEFOCAD\",\"isPartOf\":{\"@id\":\"https:\/\/cefocad.codegto.gob.mx\/#website\"},\"primaryImageOfPage\":{\"@id\":\"https:\/\/cefocad.codegto.gob.mx\/?page_id=1449#primaryimage\"},\"image\":{\"@id\":\"https:\/\/cefocad.codegto.gob.mx\/?page_id=1449#primaryimage\"},\"thumbnailUrl\":\"https:\/\/cefocad.codegto.gob.mx\/wp-content\/uploads\/2023\/04\/WhatsApp-Image-2023-04-14-at-11.33.38-2-1024x1024.jpeg\",\"datePublished\":\"2023-05-29T03:05:21+00:00\",\"dateModified\":\"2023-05-29T03:16:12+00:00\",\"breadcrumb\":{\"@id\":\"https:\/\/cefocad.codegto.gob.mx\/?page_id=1449#breadcrumb\"},\"inLanguage\":\"es-MX\",\"potentialAction\":[{\"@type\":\"ReadAction\",\"target\":[\"https:\/\/cefocad.codegto.gob.mx\/?page_id=1449\"]}]},{\"@type\":\"ImageObject\",\"inLanguage\":\"es-MX\",\"@id\":\"https:\/\/cefocad.codegto.gob.mx\/?page_id=1449#primaryimage\",\"url\":\"\",\"contentUrl\":\"\"},{\"@type\":\"BreadcrumbList\",\"@id\":\"https:\/\/cefocad.codegto.gob.mx\/?page_id=1449#breadcrumb\",\"itemListElement\":[{\"@type\":\"ListItem\",\"position\":1,\"name\":\"Inicio\",\"item\":\"https:\/\/cefocad.codegto.gob.mx\/\"},{\"@type\":\"ListItem\",\"position\":2,\"name\":\"Soluci\u00f3n de conflictos mediante t\u00e9cnicas de neuro negociaci\u00f3n\"}]},{\"@type\":\"WebSite\",\"@id\":\"https:\/\/cefocad.codegto.gob.mx\/#website\",\"url\":\"https:\/\/cefocad.codegto.gob.mx\/\",\"name\":\"CEFOCAD\",\"description\":\"\",\"potentialAction\":[{\"@type\":\"SearchAction\",\"target\":{\"@type\":\"EntryPoint\",\"urlTemplate\":\"https:\/\/cefocad.codegto.gob.mx\/?s={search_term_string}\"},\"query-input\":\"required name=search_term_string\"}],\"inLanguage\":\"es-MX\"}]}<\/script>\n<!-- \/ Yoast SEO plugin. -->","yoast_head_json":{"title":"Soluci\u00f3n de conflictos mediante t\u00e9cnicas de neuro negociaci\u00f3n - CEFOCAD","robots":{"index":"index","follow":"follow","max-snippet":"max-snippet:-1","max-image-preview":"max-image-preview:large","max-video-preview":"max-video-preview:-1"},"canonical":"https:\/\/cefocad.codegto.gob.mx\/?page_id=1449","og_locale":"es_MX","og_type":"article","og_title":"Soluci\u00f3n de conflictos mediante t\u00e9cnicas de neuro negociaci\u00f3n - CEFOCAD","og_description":"Soluci\u00f3n de conflictos mediante t\u00e9cnicas de neura negociaci\u00f3n Dirigido a Personas interesadas en adquirir las competencias necesarias para solucionar conflictos y cuyas competencias incluyen preparar sesiones, aplicar t\u00e9cnicas de neuronegociaci\u00f3n y generar acuerdos en sesiones. Contenido: Tipos de conflictos Metodolog\u00edas mentales y de negociaci\u00f3n C\u00f3mo preparar sesiones para la soluci\u00f3n de conflictos T\u00e9cnicas de neuronegociaci\u00f3n [&hellip;]","og_url":"https:\/\/cefocad.codegto.gob.mx\/?page_id=1449","og_site_name":"CEFOCAD","article_modified_time":"2023-05-29T03:16:12+00:00","og_image":[{"url":"https:\/\/cefocad.codegto.gob.mx\/wp-content\/uploads\/2023\/04\/WhatsApp-Image-2023-04-14-at-11.33.38-2-1024x1024.jpeg"}],"twitter_card":"summary_large_image","twitter_misc":{"Tiempo de lectura":"1 minuto"},"schema":{"@context":"https:\/\/schema.org","@graph":[{"@type":"WebPage","@id":"https:\/\/cefocad.codegto.gob.mx\/?page_id=1449","url":"https:\/\/cefocad.codegto.gob.mx\/?page_id=1449","name":"Soluci\u00f3n de conflictos mediante t\u00e9cnicas de neuro negociaci\u00f3n - CEFOCAD","isPartOf":{"@id":"https:\/\/cefocad.codegto.gob.mx\/#website"},"primaryImageOfPage":{"@id":"https:\/\/cefocad.codegto.gob.mx\/?page_id=1449#primaryimage"},"image":{"@id":"https:\/\/cefocad.codegto.gob.mx\/?page_id=1449#primaryimage"},"thumbnailUrl":"https:\/\/cefocad.codegto.gob.mx\/wp-content\/uploads\/2023\/04\/WhatsApp-Image-2023-04-14-at-11.33.38-2-1024x1024.jpeg","datePublished":"2023-05-29T03:05:21+00:00","dateModified":"2023-05-29T03:16:12+00:00","breadcrumb":{"@id":"https:\/\/cefocad.codegto.gob.mx\/?page_id=1449#breadcrumb"},"inLanguage":"es-MX","potentialAction":[{"@type":"ReadAction","target":["https:\/\/cefocad.codegto.gob.mx\/?page_id=1449"]}]},{"@type":"ImageObject","inLanguage":"es-MX","@id":"https:\/\/cefocad.codegto.gob.mx\/?page_id=1449#primaryimage","url":"","contentUrl":""},{"@type":"BreadcrumbList","@id":"https:\/\/cefocad.codegto.gob.mx\/?page_id=1449#breadcrumb","itemListElement":[{"@type":"ListItem","position":1,"name":"Inicio","item":"https:\/\/cefocad.codegto.gob.mx\/"},{"@type":"ListItem","position":2,"name":"Soluci\u00f3n de conflictos mediante t\u00e9cnicas de neuro negociaci\u00f3n"}]},{"@type":"WebSite","@id":"https:\/\/cefocad.codegto.gob.mx\/#website","url":"https:\/\/cefocad.codegto.gob.mx\/","name":"CEFOCAD","description":"","potentialAction":[{"@type":"SearchAction","target":{"@type":"EntryPoint","urlTemplate":"https:\/\/cefocad.codegto.gob.mx\/?s={search_term_string}"},"query-input":"required name=search_term_string"}],"inLanguage":"es-MX"}]}},"_links":{"self":[{"href":"https:\/\/cefocad.codegto.gob.mx\/index.php?rest_route=\/wp\/v2\/pages\/1449"}],"collection":[{"href":"https:\/\/cefocad.codegto.gob.mx\/index.php?rest_route=\/wp\/v2\/pages"}],"about":[{"href":"https:\/\/cefocad.codegto.gob.mx\/index.php?rest_route=\/wp\/v2\/types\/page"}],"author":[{"embeddable":true,"href":"https:\/\/cefocad.codegto.gob.mx\/index.php?rest_route=\/wp\/v2\/users\/1"}],"replies":[{"embeddable":true,"href":"https:\/\/cefocad.codegto.gob.mx\/index.php?rest_route=%2Fwp%2Fv2%2Fcomments&post=1449"}],"version-history":[{"count":18,"href":"https:\/\/cefocad.codegto.gob.mx\/index.php?rest_route=\/wp\/v2\/pages\/1449\/revisions"}],"predecessor-version":[{"id":1468,"href":"https:\/\/cefocad.codegto.gob.mx\/index.php?rest_route=\/wp\/v2\/pages\/1449\/revisions\/1468"}],"wp:attachment":[{"href":"https:\/\/cefocad.codegto.gob.mx\/index.php?rest_route=%2Fwp%2Fv2%2Fmedia&parent=1449"}],"curies":[{"name":"wp","href":"https:\/\/api.w.org\/{rel}","templated":true}]}}