{"id":1542,"date":"2023-05-28T21:51:26","date_gmt":"2023-05-29T03:51:26","guid":{"rendered":"https:\/\/cefocad.codegto.gob.mx\/?page_id=1542"},"modified":"2023-05-28T21:58:49","modified_gmt":"2023-05-29T03:58:49","slug":"promotor-deportivo-1","status":"publish","type":"page","link":"https:\/\/cefocad.codegto.gob.mx\/?page_id=1542","title":{"rendered":"Promotor deportivo 1"},"content":{"rendered":"\t\t<div data-elementor-type=\"wp-page\" data-elementor-id=\"1542\" class=\"elementor elementor-1542\">\n\t\t\t\t\t\t<section class=\"elementor-section elementor-top-section elementor-element elementor-element-21ed35fd elementor-section-boxed elementor-section-height-default elementor-section-height-default\" data-id=\"21ed35fd\" data-element_type=\"section\">\n\t\t\t\t\t\t<div class=\"elementor-container elementor-column-gap-default\">\n\t\t\t\t\t<div class=\"elementor-column elementor-col-33 elementor-top-column elementor-element elementor-element-4eeb8065\" data-id=\"4eeb8065\" data-element_type=\"column\">\n\t\t\t<div class=\"elementor-widget-wrap elementor-element-populated\">\n\t\t\t\t\t\t<div class=\"elementor-element elementor-element-566f4022 elementor-widget elementor-widget-image\" data-id=\"566f4022\" data-element_type=\"widget\" data-widget_type=\"image.default\">\n\t\t\t\t<div class=\"elementor-widget-container\">\n\t\t\t<style>\/*! elementor - v3.19.0 - 05-02-2024 *\/\n.elementor-widget-image{text-align:center}.elementor-widget-image a{display:inline-block}.elementor-widget-image a img[src$=\".svg\"]{width:48px}.elementor-widget-image img{vertical-align:middle;display:inline-block}<\/style>\t\t\t\t\t\t\t\t\t\t<img decoding=\"async\" src=\"https:\/\/cefocad.codegto.gob.mx\/wp-content\/uploads\/2023\/05\/WhatsApp-Image-2023-05-15-at-15.17.29.jpeg\" title=\"\" alt=\"\" loading=\"lazy\" \/>\t\t\t\t\t\t\t\t\t\t\t\t\t<\/div>\n\t\t\t\t<\/div>\n\t\t\t\t\t<\/div>\n\t\t<\/div>\n\t\t\t\t<div class=\"elementor-column elementor-col-66 elementor-top-column elementor-element elementor-element-7d888539\" data-id=\"7d888539\" data-element_type=\"column\">\n\t\t\t<div class=\"elementor-widget-wrap elementor-element-populated\">\n\t\t\t\t\t\t<div class=\"elementor-element elementor-element-6eb9fbaa elementor-widget elementor-widget-heading\" data-id=\"6eb9fbaa\" data-element_type=\"widget\" data-widget_type=\"heading.default\">\n\t\t\t\t<div class=\"elementor-widget-container\">\n\t\t\t<style>\/*! elementor - v3.19.0 - 05-02-2024 *\/\n.elementor-heading-title{padding:0;margin:0;line-height:1}.elementor-widget-heading .elementor-heading-title[class*=elementor-size-]>a{color:inherit;font-size:inherit;line-height:inherit}.elementor-widget-heading .elementor-heading-title.elementor-size-small{font-size:15px}.elementor-widget-heading .elementor-heading-title.elementor-size-medium{font-size:19px}.elementor-widget-heading .elementor-heading-title.elementor-size-large{font-size:29px}.elementor-widget-heading .elementor-heading-title.elementor-size-xl{font-size:39px}.elementor-widget-heading .elementor-heading-title.elementor-size-xxl{font-size:59px}<\/style><h2 class=\"elementor-heading-title elementor-size-default\">Promotor Deportivo para la Prevenci\u00f3n de Adicciones en ni\u00f1as, ni\u00f1os y adolescentes<\/h2>\t\t<\/div>\n\t\t\t\t<\/div>\n\t\t\t\t<div class=\"elementor-element elementor-element-2d951f52 elementor-widget elementor-widget-toggle\" data-id=\"2d951f52\" data-element_type=\"widget\" data-widget_type=\"toggle.default\">\n\t\t\t\t<div class=\"elementor-widget-container\">\n\t\t\t<style>\/*! elementor - v3.19.0 - 05-02-2024 *\/\n.elementor-toggle{text-align:left}.elementor-toggle .elementor-tab-title{font-weight:700;line-height:1;margin:0;padding:15px;border-bottom:1px solid #d5d8dc;cursor:pointer;outline:none}.elementor-toggle .elementor-tab-title .elementor-toggle-icon{display:inline-block;width:1em}.elementor-toggle .elementor-tab-title .elementor-toggle-icon svg{margin-inline-start:-5px;width:1em;height:1em}.elementor-toggle .elementor-tab-title .elementor-toggle-icon.elementor-toggle-icon-right{float:right;text-align:right}.elementor-toggle .elementor-tab-title .elementor-toggle-icon.elementor-toggle-icon-left{float:left;text-align:left}.elementor-toggle .elementor-tab-title .elementor-toggle-icon .elementor-toggle-icon-closed{display:block}.elementor-toggle .elementor-tab-title .elementor-toggle-icon .elementor-toggle-icon-opened{display:none}.elementor-toggle .elementor-tab-title.elementor-active{border-bottom:none}.elementor-toggle .elementor-tab-title.elementor-active .elementor-toggle-icon-closed{display:none}.elementor-toggle .elementor-tab-title.elementor-active .elementor-toggle-icon-opened{display:block}.elementor-toggle .elementor-tab-content{padding:15px;border-bottom:1px solid #d5d8dc;display:none}@media (max-width:767px){.elementor-toggle .elementor-tab-title{padding:12px}.elementor-toggle .elementor-tab-content{padding:12px 10px}}.e-con-inner>.elementor-widget-toggle,.e-con>.elementor-widget-toggle{width:var(--container-widget-width);--flex-grow:var(--container-widget-flex-grow)}<\/style>\t\t<div class=\"elementor-toggle\">\n\t\t\t\t\t\t\t<div class=\"elementor-toggle-item\">\n\t\t\t\t\t<div id=\"elementor-tab-title-7641\" class=\"elementor-tab-title\" data-tab=\"1\" role=\"button\" aria-controls=\"elementor-tab-content-7641\" aria-expanded=\"false\">\n\t\t\t\t\t\t\t\t\t\t\t\t<span class=\"elementor-toggle-icon elementor-toggle-icon-left\" aria-hidden=\"true\">\n\t\t\t\t\t\t\t\t\t\t\t\t\t\t\t<span class=\"elementor-toggle-icon-closed\"><svg class=\"e-font-icon-svg e-fas-caret-right\" viewBox=\"0 0 192 512\" xmlns=\"http:\/\/www.w3.org\/2000\/svg\"><path d=\"M0 384.662V127.338c0-17.818 21.543-26.741 34.142-14.142l128.662 128.662c7.81 7.81 7.81 20.474 0 28.284L34.142 398.804C21.543 411.404 0 402.48 0 384.662z\"><\/path><\/svg><\/span>\n\t\t\t\t\t\t\t\t<span class=\"elementor-toggle-icon-opened\"><svg class=\"elementor-toggle-icon-opened e-font-icon-svg e-fas-caret-up\" viewBox=\"0 0 320 512\" xmlns=\"http:\/\/www.w3.org\/2000\/svg\"><path d=\"M288.662 352H31.338c-17.818 0-26.741-21.543-14.142-34.142l128.662-128.662c7.81-7.81 20.474-7.81 28.284 0l128.662 128.662c12.6 12.599 3.676 34.142-14.142 34.142z\"><\/path><\/svg><\/span>\n\t\t\t\t\t\t\t\t\t\t\t\t\t<\/span>\n\t\t\t\t\t\t\t\t\t\t\t\t<a class=\"elementor-toggle-title\" tabindex=\"0\">Dirigido a<\/a>\n\t\t\t\t\t<\/div>\n\n\t\t\t\t\t<div id=\"elementor-tab-content-7641\" class=\"elementor-tab-content elementor-clearfix\" data-tab=\"1\" role=\"region\" aria-labelledby=\"elementor-tab-title-7641\"><p>Si eres entrenador, educador, trabajador social, profesional en las ciencias aplicadas al deporte o simplemente est\u00e1s interesado en hacer una diferencia positiva en la vida de los ni\u00f1os, ni\u00f1as y adolescentes de tu comunidad, esta capacitaci\u00f3n es para ti.<\/p><\/div>\n\t\t\t\t<\/div>\n\t\t\t\t\t\t\t<div class=\"elementor-toggle-item\">\n\t\t\t\t\t<div id=\"elementor-tab-title-7642\" class=\"elementor-tab-title\" data-tab=\"2\" role=\"button\" aria-controls=\"elementor-tab-content-7642\" aria-expanded=\"false\">\n\t\t\t\t\t\t\t\t\t\t\t\t<span class=\"elementor-toggle-icon elementor-toggle-icon-left\" aria-hidden=\"true\">\n\t\t\t\t\t\t\t\t\t\t\t\t\t\t\t<span class=\"elementor-toggle-icon-closed\"><svg class=\"e-font-icon-svg e-fas-caret-right\" viewBox=\"0 0 192 512\" xmlns=\"http:\/\/www.w3.org\/2000\/svg\"><path d=\"M0 384.662V127.338c0-17.818 21.543-26.741 34.142-14.142l128.662 128.662c7.81 7.81 7.81 20.474 0 28.284L34.142 398.804C21.543 411.404 0 402.48 0 384.662z\"><\/path><\/svg><\/span>\n\t\t\t\t\t\t\t\t<span class=\"elementor-toggle-icon-opened\"><svg class=\"elementor-toggle-icon-opened e-font-icon-svg e-fas-caret-up\" viewBox=\"0 0 320 512\" xmlns=\"http:\/\/www.w3.org\/2000\/svg\"><path d=\"M288.662 352H31.338c-17.818 0-26.741-21.543-14.142-34.142l128.662-128.662c7.81-7.81 20.474-7.81 28.284 0l128.662 128.662c12.6 12.599 3.676 34.142-14.142 34.142z\"><\/path><\/svg><\/span>\n\t\t\t\t\t\t\t\t\t\t\t\t\t<\/span>\n\t\t\t\t\t\t\t\t\t\t\t\t<a class=\"elementor-toggle-title\" tabindex=\"0\">Contenido:<\/a>\n\t\t\t\t\t<\/div>\n\n\t\t\t\t\t<div id=\"elementor-tab-content-7642\" class=\"elementor-tab-content elementor-clearfix\" data-tab=\"2\" role=\"region\" aria-labelledby=\"elementor-tab-title-7642\"><p>Presentaci\u00f3n de participantes<\/p><ol><li>Introducci\u00f3n a perfiles de competencia<\/li><li>Objetivo del perFil<\/li><li>Funci\u00f3n del\/la promotor\/a<\/li><li>La salud y el deporte<\/li><li>\u00bfQu\u00e9 es una adicci\u00f3n?<\/li><li>Factores que predisponen el uso de sustancias t\u00f3xicas<\/li><li>Qu\u00e9 hacer en caso de riesgo de consumo<\/li><li>Elaboraci\u00f3n de un programa preventivo a trav\u00e9s del ejercicio f\u00edsico<\/li><li>Manejo de material para activaci\u00f3n f\u00edsica<\/li><li>Manejo de material para discusi\u00f3n en grupos de menores y adolescentes<\/li><li>Atenci\u00f3n en casos de emergencia<\/li><li>Pr\u00e1ctica<\/li><\/ol><\/div>\n\t\t\t\t<\/div>\n\t\t\t\t\t\t\t\t<\/div>\n\t\t\t\t<\/div>\n\t\t\t\t<\/div>\n\t\t\t\t\t<\/div>\n\t\t<\/div>\n\t\t\t\t\t<\/div>\n\t\t<\/section>\n\t\t\t\t<section class=\"elementor-section elementor-top-section elementor-element elementor-element-3593dc05 elementor-section-boxed elementor-section-height-default elementor-section-height-default\" data-id=\"3593dc05\" data-element_type=\"section\">\n\t\t\t\t\t\t<div class=\"elementor-container elementor-column-gap-default\">\n\t\t\t\t\t<div class=\"elementor-column elementor-col-100 elementor-top-column elementor-element elementor-element-21a741b\" data-id=\"21a741b\" data-element_type=\"column\">\n\t\t\t<div class=\"elementor-widget-wrap elementor-element-populated\">\n\t\t\t\t\t\t<div class=\"elementor-element elementor-element-4eef73d elementor-widget elementor-widget-text-editor\" data-id=\"4eef73d\" data-element_type=\"widget\" data-widget_type=\"text-editor.default\">\n\t\t\t\t<div class=\"elementor-widget-container\">\n\t\t\t<style>\/*! elementor - v3.19.0 - 05-02-2024 *\/\n.elementor-widget-text-editor.elementor-drop-cap-view-stacked .elementor-drop-cap{background-color:#69727d;color:#fff}.elementor-widget-text-editor.elementor-drop-cap-view-framed .elementor-drop-cap{color:#69727d;border:3px solid;background-color:transparent}.elementor-widget-text-editor:not(.elementor-drop-cap-view-default) .elementor-drop-cap{margin-top:8px}.elementor-widget-text-editor:not(.elementor-drop-cap-view-default) .elementor-drop-cap-letter{width:1em;height:1em}.elementor-widget-text-editor .elementor-drop-cap{float:left;text-align:center;line-height:1;font-size:50px}.elementor-widget-text-editor .elementor-drop-cap-letter{display:inline-block}<\/style>\t\t\t\t<ul><li>Impartido por: Maestra Ma. de los \u00c1ngeles Cato Ram\u00edrez y Doctora Mar\u00eda de la Luz G\u00f3mez Rojas<\/li><li>Modalidad: Presencial<\/li><li>Fecha: 17 de junio<\/li><li>Horario: 9:00 a 14:00 y 16:00 a 19:00<\/li><li>Carga Horaria: 8 Hrs.<\/li><li>Inscripci\u00f3n: sin costo<\/li><li>Laboral: $189.00 ( Ciento ochenta y nueve pesos 00\/100 M.N.) En caso de no presentar o no aprobar la evaluaci\u00f3n, no habr\u00e1 devoluci\u00f3n del pago.<\/li><li>Liga de inscripci\u00f3n: https:\/\/forms.gle\/s3UtnqX5ehipibWC6<\/li><li>Lugar: Carretera de Guanajuato a Dolores Hidalgo Km 1.5, Valenciana, 36240 Guanajuato, Gto.<\/li><li>Requisitos para proceso de evaluaci\u00f3n para la certificaci\u00f3n de competencia laboral:<\/li><li>Formato de Registro del Participante para la Certificaci\u00f3n de Competencias Laborales (SEFL-ONCL-REG-02), impreso, con todos los campos llenos y con la Firma aut\u00f3grafa del candidato.<\/li><li>1 fotograf\u00eda tama\u00f1o credencial (3.5 x 4.5 cm) a color<\/li><li>pegada en el Registro del Participante para la certificaci\u00f3n de competencia laboral formato SEFL-ONCL-REG-02 (se<\/li><li>entregara al ingresar al curso)<\/li><li>Fotograf\u00eda digital con las siguientes especificaciones: cuadrada, a color, tama\u00f1o de ancho 105px. y de altura 126px. en formato.jpg.<\/li><li>CURP Certificada: verificada con el registro civil IMPRESA.<\/li><li>Todos estos documentos deber\u00e1n ser entregados al mismo tiempo al Centro Evaluador en la fecha indicada por \u00e9ste, en caso de faltar alguno de estos documentos no podr\u00e1 presentar el proceso de evaluaci\u00f3n.<\/li><li>Cuenta para pago de C\u00e9dula de Competencia Laboral: CEI Nivel de Certificaci\u00f3n de esta unidad de competencia laboral es: Nivel 2 Trabajador calificado. Para realizar el pago del derecho de expedici\u00f3n de la c\u00e9dula y certificado deber\u00e1 ingresar en la siguiente:<br \/>liga.<\/li><li><a href=\"https:\/\/pagosenlinea.guanajuato.gob.mx\/servicios?ti-\">https:\/\/pagosenlinea.guanajuato.gob.mx\/servicios?ti-<\/a>poServicio=0064<\/li><\/ul>\t\t\t\t\t\t<\/div>\n\t\t\t\t<\/div>\n\t\t\t\t\t<\/div>\n\t\t<\/div>\n\t\t\t\t\t<\/div>\n\t\t<\/section>\n\t\t\t\t<\/div>\n\t\t","protected":false},"excerpt":{"rendered":"<p>Promotor Deportivo para la Prevenci\u00f3n de Adicciones en ni\u00f1as, ni\u00f1os y adolescentes Dirigido a Si eres entrenador, educador, trabajador social, profesional en las ciencias aplicadas al deporte o simplemente est\u00e1s interesado en hacer una diferencia positiva en la vida de los ni\u00f1os, ni\u00f1as y adolescentes de tu comunidad, esta capacitaci\u00f3n es para ti. Contenido: Presentaci\u00f3n [&hellip;]<\/p>\n","protected":false},"author":1,"featured_media":0,"parent":0,"menu_order":0,"comment_status":"closed","ping_status":"closed","template":"","meta":{"site-sidebar-layout":"no-sidebar","site-content-layout":"page-builder","ast-site-content-layout":"","site-content-style":"default","site-sidebar-style":"default","ast-global-header-display":"","ast-banner-title-visibility":"","ast-main-header-display":"","ast-hfb-above-header-display":"","ast-hfb-below-header-display":"","ast-hfb-mobile-header-display":"","site-post-title":"disabled","ast-breadcrumbs-content":"","ast-featured-img":"disabled","footer-sml-layout":"","theme-transparent-header-meta":"","adv-header-id-meta":"","stick-header-meta":"","header-above-stick-meta":"","header-main-stick-meta":"","header-below-stick-meta":"","astra-migrate-meta-layouts":"default","ast-page-background-enabled":"default","ast-page-background-meta":{"desktop":{"background-color":"var(--ast-global-color-4)","background-image":"","background-repeat":"repeat","background-position":"center center","background-size":"auto","background-attachment":"scroll","background-type":"","background-media":"","overlay-type":"","overlay-color":"","overlay-opacity":"","overlay-gradient":""},"tablet":{"background-color":"","background-image":"","background-repeat":"repeat","background-position":"center center","background-size":"auto","background-attachment":"scroll","background-type":"","background-media":"","overlay-type":"","overlay-color":"","overlay-opacity":"","overlay-gradient":""},"mobile":{"background-color":"","background-image":"","background-repeat":"repeat","background-position":"center center","background-size":"auto","background-attachment":"scroll","background-type":"","background-media":"","overlay-type":"","overlay-color":"","overlay-opacity":"","overlay-gradient":""}},"ast-content-background-meta":{"desktop":{"background-color":"var(--ast-global-color-5)","background-image":"","background-repeat":"repeat","background-position":"center center","background-size":"auto","background-attachment":"scroll","background-type":"","background-media":"","overlay-type":"","overlay-color":"","overlay-opacity":"","overlay-gradient":""},"tablet":{"background-color":"var(--ast-global-color-5)","background-image":"","background-repeat":"repeat","background-position":"center center","background-size":"auto","background-attachment":"scroll","background-type":"","background-media":"","overlay-type":"","overlay-color":"","overlay-opacity":"","overlay-gradient":""},"mobile":{"background-color":"var(--ast-global-color-5)","background-image":"","background-repeat":"repeat","background-position":"center center","background-size":"auto","background-attachment":"scroll","background-type":"","background-media":"","overlay-type":"","overlay-color":"","overlay-opacity":"","overlay-gradient":""}},"footnotes":""},"yoast_head":"<!-- This site is optimized with the Yoast SEO plugin v22.8 - https:\/\/yoast.com\/wordpress\/plugins\/seo\/ -->\n<title>Promotor deportivo 1 - CEFOCAD<\/title>\n<meta name=\"robots\" content=\"index, follow, max-snippet:-1, max-image-preview:large, max-video-preview:-1\" \/>\n<link rel=\"canonical\" href=\"https:\/\/cefocad.codegto.gob.mx\/?page_id=1542\" \/>\n<meta property=\"og:locale\" content=\"es_MX\" \/>\n<meta property=\"og:type\" content=\"article\" \/>\n<meta property=\"og:title\" content=\"Promotor deportivo 1 - CEFOCAD\" \/>\n<meta property=\"og:description\" content=\"Promotor Deportivo para la Prevenci\u00f3n de Adicciones en ni\u00f1as, ni\u00f1os y adolescentes Dirigido a Si eres entrenador, educador, trabajador social, profesional en las ciencias aplicadas al deporte o simplemente est\u00e1s interesado en hacer una diferencia positiva en la vida de los ni\u00f1os, ni\u00f1as y adolescentes de tu comunidad, esta capacitaci\u00f3n es para ti. Contenido: Presentaci\u00f3n [&hellip;]\" \/>\n<meta property=\"og:url\" content=\"https:\/\/cefocad.codegto.gob.mx\/?page_id=1542\" \/>\n<meta property=\"og:site_name\" content=\"CEFOCAD\" \/>\n<meta property=\"article:modified_time\" content=\"2023-05-29T03:58:49+00:00\" \/>\n<meta property=\"og:image\" content=\"https:\/\/cefocad.codegto.gob.mx\/wp-content\/uploads\/2023\/05\/WhatsApp-Image-2023-05-15-at-15.17.29-1024x1024.jpeg\" \/>\n<meta name=\"twitter:card\" content=\"summary_large_image\" \/>\n<meta name=\"twitter:label1\" content=\"Tiempo de lectura\" \/>\n\t<meta name=\"twitter:data1\" content=\"2 minutos\" \/>\n<script type=\"application\/ld+json\" class=\"yoast-schema-graph\">{\"@context\":\"https:\/\/schema.org\",\"@graph\":[{\"@type\":\"WebPage\",\"@id\":\"https:\/\/cefocad.codegto.gob.mx\/?page_id=1542\",\"url\":\"https:\/\/cefocad.codegto.gob.mx\/?page_id=1542\",\"name\":\"Promotor deportivo 1 - CEFOCAD\",\"isPartOf\":{\"@id\":\"https:\/\/cefocad.codegto.gob.mx\/#website\"},\"primaryImageOfPage\":{\"@id\":\"https:\/\/cefocad.codegto.gob.mx\/?page_id=1542#primaryimage\"},\"image\":{\"@id\":\"https:\/\/cefocad.codegto.gob.mx\/?page_id=1542#primaryimage\"},\"thumbnailUrl\":\"https:\/\/cefocad.codegto.gob.mx\/wp-content\/uploads\/2023\/05\/WhatsApp-Image-2023-05-15-at-15.17.29-1024x1024.jpeg\",\"datePublished\":\"2023-05-29T03:51:26+00:00\",\"dateModified\":\"2023-05-29T03:58:49+00:00\",\"breadcrumb\":{\"@id\":\"https:\/\/cefocad.codegto.gob.mx\/?page_id=1542#breadcrumb\"},\"inLanguage\":\"es-MX\",\"potentialAction\":[{\"@type\":\"ReadAction\",\"target\":[\"https:\/\/cefocad.codegto.gob.mx\/?page_id=1542\"]}]},{\"@type\":\"ImageObject\",\"inLanguage\":\"es-MX\",\"@id\":\"https:\/\/cefocad.codegto.gob.mx\/?page_id=1542#primaryimage\",\"url\":\"\",\"contentUrl\":\"\"},{\"@type\":\"BreadcrumbList\",\"@id\":\"https:\/\/cefocad.codegto.gob.mx\/?page_id=1542#breadcrumb\",\"itemListElement\":[{\"@type\":\"ListItem\",\"position\":1,\"name\":\"Inicio\",\"item\":\"https:\/\/cefocad.codegto.gob.mx\/\"},{\"@type\":\"ListItem\",\"position\":2,\"name\":\"Promotor deportivo 1\"}]},{\"@type\":\"WebSite\",\"@id\":\"https:\/\/cefocad.codegto.gob.mx\/#website\",\"url\":\"https:\/\/cefocad.codegto.gob.mx\/\",\"name\":\"CEFOCAD\",\"description\":\"\",\"potentialAction\":[{\"@type\":\"SearchAction\",\"target\":{\"@type\":\"EntryPoint\",\"urlTemplate\":\"https:\/\/cefocad.codegto.gob.mx\/?s={search_term_string}\"},\"query-input\":\"required name=search_term_string\"}],\"inLanguage\":\"es-MX\"}]}<\/script>\n<!-- \/ Yoast SEO plugin. -->","yoast_head_json":{"title":"Promotor deportivo 1 - CEFOCAD","robots":{"index":"index","follow":"follow","max-snippet":"max-snippet:-1","max-image-preview":"max-image-preview:large","max-video-preview":"max-video-preview:-1"},"canonical":"https:\/\/cefocad.codegto.gob.mx\/?page_id=1542","og_locale":"es_MX","og_type":"article","og_title":"Promotor deportivo 1 - CEFOCAD","og_description":"Promotor Deportivo para la Prevenci\u00f3n de Adicciones en ni\u00f1as, ni\u00f1os y adolescentes Dirigido a Si eres entrenador, educador, trabajador social, profesional en las ciencias aplicadas al deporte o simplemente est\u00e1s interesado en hacer una diferencia positiva en la vida de los ni\u00f1os, ni\u00f1as y adolescentes de tu comunidad, esta capacitaci\u00f3n es para ti. Contenido: Presentaci\u00f3n [&hellip;]","og_url":"https:\/\/cefocad.codegto.gob.mx\/?page_id=1542","og_site_name":"CEFOCAD","article_modified_time":"2023-05-29T03:58:49+00:00","og_image":[{"url":"https:\/\/cefocad.codegto.gob.mx\/wp-content\/uploads\/2023\/05\/WhatsApp-Image-2023-05-15-at-15.17.29-1024x1024.jpeg"}],"twitter_card":"summary_large_image","twitter_misc":{"Tiempo de lectura":"2 minutos"},"schema":{"@context":"https:\/\/schema.org","@graph":[{"@type":"WebPage","@id":"https:\/\/cefocad.codegto.gob.mx\/?page_id=1542","url":"https:\/\/cefocad.codegto.gob.mx\/?page_id=1542","name":"Promotor deportivo 1 - CEFOCAD","isPartOf":{"@id":"https:\/\/cefocad.codegto.gob.mx\/#website"},"primaryImageOfPage":{"@id":"https:\/\/cefocad.codegto.gob.mx\/?page_id=1542#primaryimage"},"image":{"@id":"https:\/\/cefocad.codegto.gob.mx\/?page_id=1542#primaryimage"},"thumbnailUrl":"https:\/\/cefocad.codegto.gob.mx\/wp-content\/uploads\/2023\/05\/WhatsApp-Image-2023-05-15-at-15.17.29-1024x1024.jpeg","datePublished":"2023-05-29T03:51:26+00:00","dateModified":"2023-05-29T03:58:49+00:00","breadcrumb":{"@id":"https:\/\/cefocad.codegto.gob.mx\/?page_id=1542#breadcrumb"},"inLanguage":"es-MX","potentialAction":[{"@type":"ReadAction","target":["https:\/\/cefocad.codegto.gob.mx\/?page_id=1542"]}]},{"@type":"ImageObject","inLanguage":"es-MX","@id":"https:\/\/cefocad.codegto.gob.mx\/?page_id=1542#primaryimage","url":"","contentUrl":""},{"@type":"BreadcrumbList","@id":"https:\/\/cefocad.codegto.gob.mx\/?page_id=1542#breadcrumb","itemListElement":[{"@type":"ListItem","position":1,"name":"Inicio","item":"https:\/\/cefocad.codegto.gob.mx\/"},{"@type":"ListItem","position":2,"name":"Promotor deportivo 1"}]},{"@type":"WebSite","@id":"https:\/\/cefocad.codegto.gob.mx\/#website","url":"https:\/\/cefocad.codegto.gob.mx\/","name":"CEFOCAD","description":"","potentialAction":[{"@type":"SearchAction","target":{"@type":"EntryPoint","urlTemplate":"https:\/\/cefocad.codegto.gob.mx\/?s={search_term_string}"},"query-input":"required name=search_term_string"}],"inLanguage":"es-MX"}]}},"_links":{"self":[{"href":"https:\/\/cefocad.codegto.gob.mx\/index.php?rest_route=\/wp\/v2\/pages\/1542"}],"collection":[{"href":"https:\/\/cefocad.codegto.gob.mx\/index.php?rest_route=\/wp\/v2\/pages"}],"about":[{"href":"https:\/\/cefocad.codegto.gob.mx\/index.php?rest_route=\/wp\/v2\/types\/page"}],"author":[{"embeddable":true,"href":"https:\/\/cefocad.codegto.gob.mx\/index.php?rest_route=\/wp\/v2\/users\/1"}],"replies":[{"embeddable":true,"href":"https:\/\/cefocad.codegto.gob.mx\/index.php?rest_route=%2Fwp%2Fv2%2Fcomments&post=1542"}],"version-history":[{"count":16,"href":"https:\/\/cefocad.codegto.gob.mx\/index.php?rest_route=\/wp\/v2\/pages\/1542\/revisions"}],"predecessor-version":[{"id":1558,"href":"https:\/\/cefocad.codegto.gob.mx\/index.php?rest_route=\/wp\/v2\/pages\/1542\/revisions\/1558"}],"wp:attachment":[{"href":"https:\/\/cefocad.codegto.gob.mx\/index.php?rest_route=%2Fwp%2Fv2%2Fmedia&parent=1542"}],"curies":[{"name":"wp","href":"https:\/\/api.w.org\/{rel}","templated":true}]}}