{"id":1792,"date":"2023-08-22T11:09:46","date_gmt":"2023-08-22T17:09:46","guid":{"rendered":"https:\/\/cefocad.codegto.gob.mx\/?page_id=1792"},"modified":"2023-09-04T16:06:56","modified_gmt":"2023-09-04T22:06:56","slug":"elementor-1792","status":"publish","type":"page","link":"https:\/\/cefocad.codegto.gob.mx\/?page_id=1792","title":{"rendered":"Dr. Israel Miguel Andr\u00e9s"},"content":{"rendered":"\t\t<div data-elementor-type=\"wp-page\" data-elementor-id=\"1792\" class=\"elementor elementor-1792\">\n\t\t\t\t\t\t<section class=\"elementor-section elementor-top-section elementor-element elementor-element-3700e502 elementor-section-boxed elementor-section-height-default elementor-section-height-default\" data-id=\"3700e502\" data-element_type=\"section\" data-settings=\"{&quot;background_background&quot;:&quot;classic&quot;,&quot;shape_divider_bottom&quot;:&quot;opacity-fan&quot;}\">\n\t\t\t\t\t<div class=\"elementor-shape elementor-shape-bottom\" data-negative=\"false\">\n\t\t\t<svg xmlns=\"http:\/\/www.w3.org\/2000\/svg\" viewBox=\"0 0 283.5 19.6\" preserveAspectRatio=\"none\">\n\t<path class=\"elementor-shape-fill\" style=\"opacity:0.33\" d=\"M0 0L0 18.8 141.8 4.1 283.5 18.8 283.5 0z\"\/>\n\t<path class=\"elementor-shape-fill\" style=\"opacity:0.33\" d=\"M0 0L0 12.6 141.8 4 283.5 12.6 283.5 0z\"\/>\n\t<path class=\"elementor-shape-fill\" style=\"opacity:0.33\" d=\"M0 0L0 6.4 141.8 4 283.5 6.4 283.5 0z\"\/>\n\t<path class=\"elementor-shape-fill\" d=\"M0 0L0 1.2 141.8 4 283.5 1.2 283.5 0z\"\/>\n<\/svg>\t\t<\/div>\n\t\t\t\t\t<div class=\"elementor-container elementor-column-gap-default\">\n\t\t\t\t\t<div class=\"elementor-column elementor-col-33 elementor-top-column elementor-element elementor-element-64ffe2bd\" data-id=\"64ffe2bd\" data-element_type=\"column\">\n\t\t\t<div class=\"elementor-widget-wrap elementor-element-populated\">\n\t\t\t\t\t\t<div class=\"elementor-element elementor-element-464b5af2 elementor-widget elementor-widget-image\" data-id=\"464b5af2\" data-element_type=\"widget\" data-widget_type=\"image.default\">\n\t\t\t\t<div class=\"elementor-widget-container\">\n\t\t\t<style>\/*! elementor - v3.19.0 - 05-02-2024 *\/\n.elementor-widget-image{text-align:center}.elementor-widget-image a{display:inline-block}.elementor-widget-image a img[src$=\".svg\"]{width:48px}.elementor-widget-image img{vertical-align:middle;display:inline-block}<\/style>\t\t\t\t\t\t\t\t\t\t<img decoding=\"async\" src=\"https:\/\/cefocad.codegto.gob.mx\/wp-content\/uploads\/2023\/09\/WhatsApp-Image-2023-09-04-at-16.47.10-e1693864229687.jpeg\" title=\"\" alt=\"\" loading=\"lazy\" \/>\t\t\t\t\t\t\t\t\t\t\t\t\t<\/div>\n\t\t\t\t<\/div>\n\t\t\t\t<div class=\"elementor-element elementor-element-69c716ab elementor-widget elementor-widget-heading\" data-id=\"69c716ab\" data-element_type=\"widget\" data-widget_type=\"heading.default\">\n\t\t\t\t<div class=\"elementor-widget-container\">\n\t\t\t<style>\/*! elementor - v3.19.0 - 05-02-2024 *\/\n.elementor-heading-title{padding:0;margin:0;line-height:1}.elementor-widget-heading .elementor-heading-title[class*=elementor-size-]>a{color:inherit;font-size:inherit;line-height:inherit}.elementor-widget-heading .elementor-heading-title.elementor-size-small{font-size:15px}.elementor-widget-heading .elementor-heading-title.elementor-size-medium{font-size:19px}.elementor-widget-heading .elementor-heading-title.elementor-size-large{font-size:29px}.elementor-widget-heading .elementor-heading-title.elementor-size-xl{font-size:39px}.elementor-widget-heading .elementor-heading-title.elementor-size-xxl{font-size:59px}<\/style><h4 class=\"elementor-heading-title elementor-size-default\">Lic. Edwin Ramsses Velasco Limas\n<\/h4>\t\t<\/div>\n\t\t\t\t<\/div>\n\t\t\t\t<div class=\"elementor-element elementor-element-2f6680d elementor-widget elementor-widget-heading\" data-id=\"2f6680d\" data-element_type=\"widget\" data-widget_type=\"heading.default\">\n\t\t\t\t<div class=\"elementor-widget-container\">\n\t\t\t<h4 class=\"elementor-heading-title elementor-size-default\">M. de C. Juan Carlos Garc\u00eda Valadez<\/h4>\t\t<\/div>\n\t\t\t\t<\/div>\n\t\t\t\t\t<\/div>\n\t\t<\/div>\n\t\t\t\t<div class=\"elementor-column elementor-col-66 elementor-top-column elementor-element elementor-element-4226af7\" data-id=\"4226af7\" data-element_type=\"column\">\n\t\t\t<div class=\"elementor-widget-wrap elementor-element-populated\">\n\t\t\t\t\t\t<div class=\"elementor-element elementor-element-6bab1fe elementor-widget elementor-widget-heading\" data-id=\"6bab1fe\" data-element_type=\"widget\" data-widget_type=\"heading.default\">\n\t\t\t\t<div class=\"elementor-widget-container\">\n\t\t\t<h2 class=\"elementor-heading-title elementor-size-default\">Ponencia: <\/h2>\t\t<\/div>\n\t\t\t\t<\/div>\n\t\t\t\t<div class=\"elementor-element elementor-element-1731ac8d elementor-widget elementor-widget-heading\" data-id=\"1731ac8d\" data-element_type=\"widget\" data-widget_type=\"heading.default\">\n\t\t\t\t<div class=\"elementor-widget-container\">\n\t\t\t<h3 class=\"elementor-heading-title elementor-size-default\">\"An\u00e1lisis por medio de videograf\u00eda para triatl\u00f3n.\"<\/h3>\t\t<\/div>\n\t\t\t\t<\/div>\n\t\t\t\t<div class=\"elementor-element elementor-element-43e21113 elementor-widget-divider--separator-type-pattern elementor-widget-divider--view-line elementor-widget elementor-widget-divider\" data-id=\"43e21113\" data-element_type=\"widget\" data-widget_type=\"divider.default\">\n\t\t\t\t<div class=\"elementor-widget-container\">\n\t\t\t<style>\/*! elementor - v3.19.0 - 05-02-2024 *\/\n.elementor-widget-divider{--divider-border-style:none;--divider-border-width:1px;--divider-color:#0c0d0e;--divider-icon-size:20px;--divider-element-spacing:10px;--divider-pattern-height:24px;--divider-pattern-size:20px;--divider-pattern-url:none;--divider-pattern-repeat:repeat-x}.elementor-widget-divider .elementor-divider{display:flex}.elementor-widget-divider .elementor-divider__text{font-size:15px;line-height:1;max-width:95%}.elementor-widget-divider .elementor-divider__element{margin:0 var(--divider-element-spacing);flex-shrink:0}.elementor-widget-divider .elementor-icon{font-size:var(--divider-icon-size)}.elementor-widget-divider .elementor-divider-separator{display:flex;margin:0;direction:ltr}.elementor-widget-divider--view-line_icon .elementor-divider-separator,.elementor-widget-divider--view-line_text .elementor-divider-separator{align-items:center}.elementor-widget-divider--view-line_icon .elementor-divider-separator:after,.elementor-widget-divider--view-line_icon .elementor-divider-separator:before,.elementor-widget-divider--view-line_text .elementor-divider-separator:after,.elementor-widget-divider--view-line_text .elementor-divider-separator:before{display:block;content:\"\";border-block-end:0;flex-grow:1;border-block-start:var(--divider-border-width) var(--divider-border-style) var(--divider-color)}.elementor-widget-divider--element-align-left .elementor-divider .elementor-divider-separator>.elementor-divider__svg:first-of-type{flex-grow:0;flex-shrink:100}.elementor-widget-divider--element-align-left .elementor-divider-separator:before{content:none}.elementor-widget-divider--element-align-left .elementor-divider__element{margin-left:0}.elementor-widget-divider--element-align-right .elementor-divider .elementor-divider-separator>.elementor-divider__svg:last-of-type{flex-grow:0;flex-shrink:100}.elementor-widget-divider--element-align-right .elementor-divider-separator:after{content:none}.elementor-widget-divider--element-align-right .elementor-divider__element{margin-right:0}.elementor-widget-divider--element-align-start .elementor-divider .elementor-divider-separator>.elementor-divider__svg:first-of-type{flex-grow:0;flex-shrink:100}.elementor-widget-divider--element-align-start .elementor-divider-separator:before{content:none}.elementor-widget-divider--element-align-start .elementor-divider__element{margin-inline-start:0}.elementor-widget-divider--element-align-end .elementor-divider .elementor-divider-separator>.elementor-divider__svg:last-of-type{flex-grow:0;flex-shrink:100}.elementor-widget-divider--element-align-end .elementor-divider-separator:after{content:none}.elementor-widget-divider--element-align-end .elementor-divider__element{margin-inline-end:0}.elementor-widget-divider:not(.elementor-widget-divider--view-line_text):not(.elementor-widget-divider--view-line_icon) .elementor-divider-separator{border-block-start:var(--divider-border-width) var(--divider-border-style) var(--divider-color)}.elementor-widget-divider--separator-type-pattern{--divider-border-style:none}.elementor-widget-divider--separator-type-pattern.elementor-widget-divider--view-line .elementor-divider-separator,.elementor-widget-divider--separator-type-pattern:not(.elementor-widget-divider--view-line) .elementor-divider-separator:after,.elementor-widget-divider--separator-type-pattern:not(.elementor-widget-divider--view-line) .elementor-divider-separator:before,.elementor-widget-divider--separator-type-pattern:not([class*=elementor-widget-divider--view]) .elementor-divider-separator{width:100%;min-height:var(--divider-pattern-height);-webkit-mask-size:var(--divider-pattern-size) 100%;mask-size:var(--divider-pattern-size) 100%;-webkit-mask-repeat:var(--divider-pattern-repeat);mask-repeat:var(--divider-pattern-repeat);background-color:var(--divider-color);-webkit-mask-image:var(--divider-pattern-url);mask-image:var(--divider-pattern-url)}.elementor-widget-divider--no-spacing{--divider-pattern-size:auto}.elementor-widget-divider--bg-round{--divider-pattern-repeat:round}.rtl .elementor-widget-divider .elementor-divider__text{direction:rtl}.e-con-inner>.elementor-widget-divider,.e-con>.elementor-widget-divider{width:var(--container-widget-width,100%);--flex-grow:var(--container-widget-flex-grow)}<\/style>\t\t<div class=\"elementor-divider\" style=\"--divider-pattern-url: url(&quot;data:image\/svg+xml,%3Csvg xmlns=&#039;http:\/\/www.w3.org\/2000\/svg&#039; preserveAspectRatio=&#039;none&#039; overflow=&#039;visible&#039; height=&#039;100%&#039; viewBox=&#039;0 0 24 24&#039; fill=&#039;none&#039; stroke=&#039;black&#039; stroke-width=&#039;3.7&#039; stroke-linecap=&#039;square&#039; stroke-miterlimit=&#039;10&#039;%3E%3Cpath d=&#039;M0,6c6,0,6,13,12,13S18,6,24,6&#039;\/%3E%3C\/svg%3E&quot;);\">\n\t\t\t<span class=\"elementor-divider-separator\">\n\t\t\t\t\t\t<\/span>\n\t\t<\/div>\n\t\t\t\t<\/div>\n\t\t\t\t<\/div>\n\t\t\t\t<div class=\"elementor-element elementor-element-a3d5c51 elementor-widget elementor-widget-heading\" data-id=\"a3d5c51\" data-element_type=\"widget\" data-widget_type=\"heading.default\">\n\t\t\t\t<div class=\"elementor-widget-container\">\n\t\t\t<h4 class=\"elementor-heading-title elementor-size-default\">Lic. Edwin Ramsses Velasco Limas\n<\/h4>\t\t<\/div>\n\t\t\t\t<\/div>\n\t\t\t\t<div class=\"elementor-element elementor-element-1db1e421 elementor-widget elementor-widget-text-editor\" data-id=\"1db1e421\" data-element_type=\"widget\" data-widget_type=\"text-editor.default\">\n\t\t\t\t<div class=\"elementor-widget-container\">\n\t\t\t<style>\/*! elementor - v3.19.0 - 05-02-2024 *\/\n.elementor-widget-text-editor.elementor-drop-cap-view-stacked .elementor-drop-cap{background-color:#69727d;color:#fff}.elementor-widget-text-editor.elementor-drop-cap-view-framed .elementor-drop-cap{color:#69727d;border:3px solid;background-color:transparent}.elementor-widget-text-editor:not(.elementor-drop-cap-view-default) .elementor-drop-cap{margin-top:8px}.elementor-widget-text-editor:not(.elementor-drop-cap-view-default) .elementor-drop-cap-letter{width:1em;height:1em}.elementor-widget-text-editor .elementor-drop-cap{float:left;text-align:center;line-height:1;font-size:50px}.elementor-widget-text-editor .elementor-drop-cap-letter{display:inline-block}<\/style>\t\t\t\t<ul><li><h3><strong>Formaci\u00f3n Acad\u00e9mica:<\/strong><\/h3><\/li><\/ul><p>Licenciatura en Fisioterapia en la Universidad Tecnol\u00f3gica de M\u00e9xico en Le\u00f3n Guanajuato.<\/p><ul><li><h3><strong>Actividades Destacadas:<\/strong><\/h3><\/li><\/ul><p>Fisioterapeuta y asesor en rehabilitaci\u00f3n en la especialidad de valoraciones f\u00edsicas biomec\u00e1nicas, fisioterapia en el paciente amputado, Biomec\u00e1nica cl\u00ednica en la elaboraci\u00f3n de ortesis, biomec\u00e1nica de la marcha, biomec\u00e1nica deportiva, elaboraci\u00f3n y desarrollo de programas de tratamiento basados en m\u00e9todos cient\u00edficos para su aplicaci\u00f3n realizados en el \u00e1rea de Servicios Tecnol\u00f3gicos de Apoyo a la Salud.<\/p>\t\t\t\t\t\t<\/div>\n\t\t\t\t<\/div>\n\t\t\t\t<div class=\"elementor-element elementor-element-d9e213d elementor-widget-divider--separator-type-pattern elementor-widget-divider--view-line elementor-widget elementor-widget-divider\" data-id=\"d9e213d\" data-element_type=\"widget\" data-widget_type=\"divider.default\">\n\t\t\t\t<div class=\"elementor-widget-container\">\n\t\t\t\t\t<div class=\"elementor-divider\" style=\"--divider-pattern-url: url(&quot;data:image\/svg+xml,%3Csvg xmlns=&#039;http:\/\/www.w3.org\/2000\/svg&#039; preserveAspectRatio=&#039;none&#039; overflow=&#039;visible&#039; height=&#039;100%&#039; viewBox=&#039;0 0 24 24&#039; fill=&#039;none&#039; stroke=&#039;black&#039; stroke-width=&#039;3.7&#039; stroke-linecap=&#039;square&#039; stroke-miterlimit=&#039;10&#039;%3E%3Cpath d=&#039;M0,6c6,0,6,13,12,13S18,6,24,6&#039;\/%3E%3C\/svg%3E&quot;);\">\n\t\t\t<span class=\"elementor-divider-separator\">\n\t\t\t\t\t\t<\/span>\n\t\t<\/div>\n\t\t\t\t<\/div>\n\t\t\t\t<\/div>\n\t\t\t\t<div class=\"elementor-element elementor-element-f0a43e6 elementor-widget elementor-widget-heading\" data-id=\"f0a43e6\" data-element_type=\"widget\" data-widget_type=\"heading.default\">\n\t\t\t\t<div class=\"elementor-widget-container\">\n\t\t\t<h4 class=\"elementor-heading-title elementor-size-default\">M. de C. Juan Carlos Garc\u00eda Valadez<\/h4>\t\t<\/div>\n\t\t\t\t<\/div>\n\t\t\t\t<div class=\"elementor-element elementor-element-442c38f elementor-widget elementor-widget-text-editor\" data-id=\"442c38f\" data-element_type=\"widget\" data-widget_type=\"text-editor.default\">\n\t\t\t\t<div class=\"elementor-widget-container\">\n\t\t\t\t\t\t\t<ul><li><h3><strong>Formaci\u00f3n Acad\u00e9mica:<\/strong><\/h3><\/li><\/ul><p>Maestr\u00eda en ciencias en ingenier\u00eda mec\u00e1nica con especialidad en dise\u00f1o mec\u00e1nico e ingenier\u00eda mec\u00e1nica por el Instituto Tecnol\u00f3gico de Celaya.<\/p><ul><li><h3><strong>Actividades Destacadas:<\/strong><\/h3><\/li><\/ul><p>Desarrolla proyectos de investigaci\u00f3n y desarrollos tecnol\u00f3gicos dirigidos a mitigar los problemas del sector salud en CIATEC. Adem\u00e1s, realiza trabajos de investigaci\u00f3n dise\u00f1o mec\u00e1nico, an\u00e1lisis por elemento finito y manufactura aditiva.<\/p>\t\t\t\t\t\t<\/div>\n\t\t\t\t<\/div>\n\t\t\t\t\t<\/div>\n\t\t<\/div>\n\t\t\t\t\t<\/div>\n\t\t<\/section>\n\t\t\t\t<\/div>\n\t\t","protected":false},"excerpt":{"rendered":"<p>Lic. Edwin Ramsses Velasco Limas M. de C. Juan Carlos Garc\u00eda Valadez Ponencia: &#8220;An\u00e1lisis por medio de videograf\u00eda para triatl\u00f3n.&#8221; Lic. Edwin Ramsses Velasco Limas Formaci\u00f3n Acad\u00e9mica: Licenciatura en Fisioterapia en la Universidad Tecnol\u00f3gica de M\u00e9xico en Le\u00f3n Guanajuato. Actividades Destacadas: Fisioterapeuta y asesor en rehabilitaci\u00f3n en la especialidad de valoraciones f\u00edsicas biomec\u00e1nicas, fisioterapia en [&hellip;]<\/p>\n","protected":false},"author":1,"featured_media":0,"parent":0,"menu_order":0,"comment_status":"closed","ping_status":"closed","template":"","meta":{"site-sidebar-layout":"no-sidebar","site-content-layout":"page-builder","ast-site-content-layout":"","site-content-style":"default","site-sidebar-style":"default","ast-global-header-display":"","ast-banner-title-visibility":"","ast-main-header-display":"","ast-hfb-above-header-display":"","ast-hfb-below-header-display":"","ast-hfb-mobile-header-display":"","site-post-title":"disabled","ast-breadcrumbs-content":"","ast-featured-img":"disabled","footer-sml-layout":"","theme-transparent-header-meta":"","adv-header-id-meta":"","stick-header-meta":"","header-above-stick-meta":"","header-main-stick-meta":"","header-below-stick-meta":"","astra-migrate-meta-layouts":"default","ast-page-background-enabled":"default","ast-page-background-meta":{"desktop":{"background-color":"var(--ast-global-color-4)","background-image":"","background-repeat":"repeat","background-position":"center center","background-size":"auto","background-attachment":"scroll","background-type":"","background-media":"","overlay-type":"","overlay-color":"","overlay-opacity":"","overlay-gradient":""},"tablet":{"background-color":"","background-image":"","background-repeat":"repeat","background-position":"center center","background-size":"auto","background-attachment":"scroll","background-type":"","background-media":"","overlay-type":"","overlay-color":"","overlay-opacity":"","overlay-gradient":""},"mobile":{"background-color":"","background-image":"","background-repeat":"repeat","background-position":"center center","background-size":"auto","background-attachment":"scroll","background-type":"","background-media":"","overlay-type":"","overlay-color":"","overlay-opacity":"","overlay-gradient":""}},"ast-content-background-meta":{"desktop":{"background-color":"var(--ast-global-color-5)","background-image":"","background-repeat":"repeat","background-position":"center center","background-size":"auto","background-attachment":"scroll","background-type":"","background-media":"","overlay-type":"","overlay-color":"","overlay-opacity":"","overlay-gradient":""},"tablet":{"background-color":"var(--ast-global-color-5)","background-image":"","background-repeat":"repeat","background-position":"center center","background-size":"auto","background-attachment":"scroll","background-type":"","background-media":"","overlay-type":"","overlay-color":"","overlay-opacity":"","overlay-gradient":""},"mobile":{"background-color":"var(--ast-global-color-5)","background-image":"","background-repeat":"repeat","background-position":"center center","background-size":"auto","background-attachment":"scroll","background-type":"","background-media":"","overlay-type":"","overlay-color":"","overlay-opacity":"","overlay-gradient":""}},"footnotes":""},"yoast_head":"<!-- This site is optimized with the Yoast SEO plugin v22.8 - https:\/\/yoast.com\/wordpress\/plugins\/seo\/ -->\n<title>Dr. Israel Miguel Andr\u00e9s - CEFOCAD<\/title>\n<meta name=\"robots\" content=\"index, follow, max-snippet:-1, max-image-preview:large, max-video-preview:-1\" \/>\n<link rel=\"canonical\" href=\"https:\/\/cefocad.codegto.gob.mx\/?page_id=1792\" \/>\n<meta property=\"og:locale\" content=\"es_MX\" \/>\n<meta property=\"og:type\" content=\"article\" \/>\n<meta property=\"og:title\" content=\"Dr. Israel Miguel Andr\u00e9s - CEFOCAD\" \/>\n<meta property=\"og:description\" content=\"Lic. Edwin Ramsses Velasco Limas M. de C. Juan Carlos Garc\u00eda Valadez Ponencia: &#8220;An\u00e1lisis por medio de videograf\u00eda para triatl\u00f3n.&#8221; Lic. Edwin Ramsses Velasco Limas Formaci\u00f3n Acad\u00e9mica: Licenciatura en Fisioterapia en la Universidad Tecnol\u00f3gica de M\u00e9xico en Le\u00f3n Guanajuato. Actividades Destacadas: Fisioterapeuta y asesor en rehabilitaci\u00f3n en la especialidad de valoraciones f\u00edsicas biomec\u00e1nicas, fisioterapia en [&hellip;]\" \/>\n<meta property=\"og:url\" content=\"https:\/\/cefocad.codegto.gob.mx\/?page_id=1792\" \/>\n<meta property=\"og:site_name\" content=\"CEFOCAD\" \/>\n<meta property=\"article:modified_time\" content=\"2023-09-04T22:06:56+00:00\" \/>\n<meta property=\"og:image\" content=\"https:\/\/cefocad.codegto.gob.mx\/wp-content\/uploads\/2023\/09\/WhatsApp-Image-2023-09-04-at-16.47.10-e1693864229687-768x768.jpeg\" \/>\n<meta name=\"twitter:card\" content=\"summary_large_image\" \/>\n<meta name=\"twitter:label1\" content=\"Tiempo de lectura\" \/>\n\t<meta name=\"twitter:data1\" content=\"1 minuto\" \/>\n<script type=\"application\/ld+json\" class=\"yoast-schema-graph\">{\"@context\":\"https:\/\/schema.org\",\"@graph\":[{\"@type\":\"WebPage\",\"@id\":\"https:\/\/cefocad.codegto.gob.mx\/?page_id=1792\",\"url\":\"https:\/\/cefocad.codegto.gob.mx\/?page_id=1792\",\"name\":\"Dr. Israel Miguel Andr\u00e9s - CEFOCAD\",\"isPartOf\":{\"@id\":\"https:\/\/cefocad.codegto.gob.mx\/#website\"},\"primaryImageOfPage\":{\"@id\":\"https:\/\/cefocad.codegto.gob.mx\/?page_id=1792#primaryimage\"},\"image\":{\"@id\":\"https:\/\/cefocad.codegto.gob.mx\/?page_id=1792#primaryimage\"},\"thumbnailUrl\":\"https:\/\/cefocad.codegto.gob.mx\/wp-content\/uploads\/2023\/09\/WhatsApp-Image-2023-09-04-at-16.47.10-e1693864229687-768x768.jpeg\",\"datePublished\":\"2023-08-22T17:09:46+00:00\",\"dateModified\":\"2023-09-04T22:06:56+00:00\",\"breadcrumb\":{\"@id\":\"https:\/\/cefocad.codegto.gob.mx\/?page_id=1792#breadcrumb\"},\"inLanguage\":\"es-MX\",\"potentialAction\":[{\"@type\":\"ReadAction\",\"target\":[\"https:\/\/cefocad.codegto.gob.mx\/?page_id=1792\"]}]},{\"@type\":\"ImageObject\",\"inLanguage\":\"es-MX\",\"@id\":\"https:\/\/cefocad.codegto.gob.mx\/?page_id=1792#primaryimage\",\"url\":\"\",\"contentUrl\":\"\"},{\"@type\":\"BreadcrumbList\",\"@id\":\"https:\/\/cefocad.codegto.gob.mx\/?page_id=1792#breadcrumb\",\"itemListElement\":[{\"@type\":\"ListItem\",\"position\":1,\"name\":\"Inicio\",\"item\":\"https:\/\/cefocad.codegto.gob.mx\/\"},{\"@type\":\"ListItem\",\"position\":2,\"name\":\"Dr. Israel Miguel Andr\u00e9s\"}]},{\"@type\":\"WebSite\",\"@id\":\"https:\/\/cefocad.codegto.gob.mx\/#website\",\"url\":\"https:\/\/cefocad.codegto.gob.mx\/\",\"name\":\"CEFOCAD\",\"description\":\"\",\"potentialAction\":[{\"@type\":\"SearchAction\",\"target\":{\"@type\":\"EntryPoint\",\"urlTemplate\":\"https:\/\/cefocad.codegto.gob.mx\/?s={search_term_string}\"},\"query-input\":\"required name=search_term_string\"}],\"inLanguage\":\"es-MX\"}]}<\/script>\n<!-- \/ Yoast SEO plugin. -->","yoast_head_json":{"title":"Dr. Israel Miguel Andr\u00e9s - CEFOCAD","robots":{"index":"index","follow":"follow","max-snippet":"max-snippet:-1","max-image-preview":"max-image-preview:large","max-video-preview":"max-video-preview:-1"},"canonical":"https:\/\/cefocad.codegto.gob.mx\/?page_id=1792","og_locale":"es_MX","og_type":"article","og_title":"Dr. Israel Miguel Andr\u00e9s - CEFOCAD","og_description":"Lic. Edwin Ramsses Velasco Limas M. de C. Juan Carlos Garc\u00eda Valadez Ponencia: &#8220;An\u00e1lisis por medio de videograf\u00eda para triatl\u00f3n.&#8221; Lic. Edwin Ramsses Velasco Limas Formaci\u00f3n Acad\u00e9mica: Licenciatura en Fisioterapia en la Universidad Tecnol\u00f3gica de M\u00e9xico en Le\u00f3n Guanajuato. Actividades Destacadas: Fisioterapeuta y asesor en rehabilitaci\u00f3n en la especialidad de valoraciones f\u00edsicas biomec\u00e1nicas, fisioterapia en [&hellip;]","og_url":"https:\/\/cefocad.codegto.gob.mx\/?page_id=1792","og_site_name":"CEFOCAD","article_modified_time":"2023-09-04T22:06:56+00:00","og_image":[{"url":"https:\/\/cefocad.codegto.gob.mx\/wp-content\/uploads\/2023\/09\/WhatsApp-Image-2023-09-04-at-16.47.10-e1693864229687-768x768.jpeg"}],"twitter_card":"summary_large_image","twitter_misc":{"Tiempo de lectura":"1 minuto"},"schema":{"@context":"https:\/\/schema.org","@graph":[{"@type":"WebPage","@id":"https:\/\/cefocad.codegto.gob.mx\/?page_id=1792","url":"https:\/\/cefocad.codegto.gob.mx\/?page_id=1792","name":"Dr. Israel Miguel Andr\u00e9s - CEFOCAD","isPartOf":{"@id":"https:\/\/cefocad.codegto.gob.mx\/#website"},"primaryImageOfPage":{"@id":"https:\/\/cefocad.codegto.gob.mx\/?page_id=1792#primaryimage"},"image":{"@id":"https:\/\/cefocad.codegto.gob.mx\/?page_id=1792#primaryimage"},"thumbnailUrl":"https:\/\/cefocad.codegto.gob.mx\/wp-content\/uploads\/2023\/09\/WhatsApp-Image-2023-09-04-at-16.47.10-e1693864229687-768x768.jpeg","datePublished":"2023-08-22T17:09:46+00:00","dateModified":"2023-09-04T22:06:56+00:00","breadcrumb":{"@id":"https:\/\/cefocad.codegto.gob.mx\/?page_id=1792#breadcrumb"},"inLanguage":"es-MX","potentialAction":[{"@type":"ReadAction","target":["https:\/\/cefocad.codegto.gob.mx\/?page_id=1792"]}]},{"@type":"ImageObject","inLanguage":"es-MX","@id":"https:\/\/cefocad.codegto.gob.mx\/?page_id=1792#primaryimage","url":"","contentUrl":""},{"@type":"BreadcrumbList","@id":"https:\/\/cefocad.codegto.gob.mx\/?page_id=1792#breadcrumb","itemListElement":[{"@type":"ListItem","position":1,"name":"Inicio","item":"https:\/\/cefocad.codegto.gob.mx\/"},{"@type":"ListItem","position":2,"name":"Dr. Israel Miguel Andr\u00e9s"}]},{"@type":"WebSite","@id":"https:\/\/cefocad.codegto.gob.mx\/#website","url":"https:\/\/cefocad.codegto.gob.mx\/","name":"CEFOCAD","description":"","potentialAction":[{"@type":"SearchAction","target":{"@type":"EntryPoint","urlTemplate":"https:\/\/cefocad.codegto.gob.mx\/?s={search_term_string}"},"query-input":"required name=search_term_string"}],"inLanguage":"es-MX"}]}},"_links":{"self":[{"href":"https:\/\/cefocad.codegto.gob.mx\/index.php?rest_route=\/wp\/v2\/pages\/1792"}],"collection":[{"href":"https:\/\/cefocad.codegto.gob.mx\/index.php?rest_route=\/wp\/v2\/pages"}],"about":[{"href":"https:\/\/cefocad.codegto.gob.mx\/index.php?rest_route=\/wp\/v2\/types\/page"}],"author":[{"embeddable":true,"href":"https:\/\/cefocad.codegto.gob.mx\/index.php?rest_route=\/wp\/v2\/users\/1"}],"replies":[{"embeddable":true,"href":"https:\/\/cefocad.codegto.gob.mx\/index.php?rest_route=%2Fwp%2Fv2%2Fcomments&post=1792"}],"version-history":[{"count":20,"href":"https:\/\/cefocad.codegto.gob.mx\/index.php?rest_route=\/wp\/v2\/pages\/1792\/revisions"}],"predecessor-version":[{"id":1890,"href":"https:\/\/cefocad.codegto.gob.mx\/index.php?rest_route=\/wp\/v2\/pages\/1792\/revisions\/1890"}],"wp:attachment":[{"href":"https:\/\/cefocad.codegto.gob.mx\/index.php?rest_route=%2Fwp%2Fv2%2Fmedia&parent=1792"}],"curies":[{"name":"wp","href":"https:\/\/api.w.org\/{rel}","templated":true}]}}